{"id":612,"date":"2016-09-20T16:33:51","date_gmt":"2016-09-20T14:33:51","guid":{"rendered":"http:\/\/gelfertmarketing.de\/services\/firmenadressen-international\/"},"modified":"2020-06-09T12:51:07","modified_gmt":"2020-06-09T10:51:07","slug":"company-addresses-international","status":"publish","type":"page","link":"https:\/\/gelfertmarketing.de\/en\/services\/company-addresses-international\/","title":{"rendered":"company addresses International"},"content":{"rendered":"<h1>160 MILLION INTERNATIONAL COMPANIES FROM 195 COUNTRIES, TARGET GROUP ADVICE, MARKET POTENTIAL ANALYSIS<\/h1>\n<p><strong>International company addresses, additional data and market potential overviews worldwide<\/strong><\/p>\n<p>For your advertising campaigns in the German-speaking area, in Europe or worldwide, you will receive detailed market potential overviews as well as first-class company addresses and additional data. Our country know-how not only helps you to select the right company addresses, you also benefit from recommendations for the implementation of your advertising. Upon request, we coordinate your campaign in the respective country via our partners in the destination country.<\/p>\n<p id=\"tw-target-text\" class=\"tw-data-text tw-text-large XcVN5d tw-ta\" dir=\"ltr\" data-placeholder=\"\u00dcbersetzung\"><span lang=\"en\">Choose your target groups for sales, marketing, advertising and purchasing from over <strong>160 million business addresses<\/strong>, <strong>195 countries<\/strong> and approx. <strong>7,000 different industries<\/strong>. You receive the highest quality and topicality through country-specific real-time databases.<\/span><\/p>\n<p><strong>Available company addresses by continents, countries and main industries:<\/strong><\/p>\n <div style='max-width: 980px' class='world2levelhtmlmap' id='htmlmap'><\/div> <div style='clear: both'><\/div> <link href='https:\/\/gelfertmarketing.de\/wp-content\/plugins\/world2levelhtmlmap\/static\/css\/map.css' rel='stylesheet' type='text\/css'> <script type='text\/javascript' src='https:\/\/gelfertmarketing.de\/wp-content\/plugins\/world2levelhtmlmap\/static\/lib\/raphael.js'><\/script> <script type='text\/javascript' src='https:\/\/gelfertmarketing.de\/index.php?world2levelmap_js_data=true&map_id=0'><\/script> <script type='text\/javascript' src='https:\/\/gelfertmarketing.de\/wp-content\/plugins\/world2levelhtmlmap\/static\/lib\/map.js'><\/script> <script> function world2levelhtml5map_map_clear_info(ev, sid, map) { jQuery('#world2levelhtmlmapStateInfo').html(''); map.addInfoPanel.innerHTML = ''; } var map = new FlaMap(map_settings); map.drawOnDomReady('htmlmap', function () { map.addInfoPanel.innerHTML = map.mapConfig.defaultInfo; }); var lastGlobalInfo = map.mapConfig.defaultInfo; map.on('push', function(ev, sid, map) { world2levelhtml5map_map_clear_info(ev, sid, map); map.unselectAll(); if (map.fetchStateAttr(sid, 'showInfo')) { world2levelhtml5map_map_set_state_text(sid, false, true); } else { lastGlobalInfo = ''; } }); map.on('pop', function(ev, sid, map) { world2levelhtml5map_map_clear_info(ev, sid, map); map.unselectAll(); if (map.fetchStateAttr(sid, 'showInfo')) { world2levelhtml5map_map_set_state_text(sid, false, true); } else if (sid == '') { setTimeout(function() { map.addInfoPanel.innerHTML = lastGlobalInfo = map.mapConfig.defaultInfo; }, 1); } else { lastGlobalInfo = ''; } }); map.on('click', function(ev, sid, map) { world2levelhtml5map_map_clear_info(ev, sid, map); if (map.fetchStateAttr(sid, 'showInfo')) { world2levelhtml5map_map_set_state_text(sid); } else if (map.selectedStates.length && map.selectedStates.indexOf(sid) !== -1) { map.addInfoPanel.innerHTML = lastGlobalInfo; } }); function world2levelhtml5map_map_set_state_text(state, scroll, setAsGlobal) { scroll = scroll === undefined ? true : scroll; setAsGlobal = !!setAsGlobal; if (map.selectedStates.indexOf(state) !== -1) { map.addInfoPanel.innerHTML = lastGlobalInfo; return; } map.addInfoPanel.innerHTML = 'Loading...'; jQuery('#world2levelhtmlmapStateInfo').html('Loading...'); jQuery.ajax({ type: 'POST', url: 'https:\/\/gelfertmarketing.de\/index.php?map_id=0&world2levelmap_get_state_info='+state, success: function(data, textStatus, jqXHR){ if (setAsGlobal) lastGlobalInfo = data; map.addInfoPanel.innerHTML = data; }, dataType: 'text' }); } <\/script> \n<p>&nbsp;<\/p>\n<p id=\"tw-target-text\" class=\"tw-data-text tw-text-large XcVN5d tw-ta\" dir=\"ltr\" data-placeholder=\"\u00dcbersetzung\"><strong><span lang=\"en\">Would you like to buy company addresses and want a non-binding target group offer in advance? Contact us <a href=\"https:\/\/gelfertmarketing.de\/en\/contact\/\" title=\"Here\">here<\/a>!<\/span><\/strong><\/p>\n<p>&nbsp;<\/p>\n<p>&nbsp;<\/p>\n<p><strong>Information about quantities in individual countries can be found here:<\/strong><\/p>\n<ul>\n<li><a href=\"https:\/\/translate.google.com\/translate?hl=de&amp;prev=_t&amp;sl=de&amp;tl=en&amp;u=https:\/\/gelfertmarketing.de\/wp-content\/uploads\/2016\/09\/gelfert_Firmenadressen_Nord_und_Suedamerika_01.pdf\" target=\"_blank\" rel=\"noopener noreferrer\">delivered address<\/a><a href=\"https:\/\/translate.google.com\/translate?hl=de&amp;prev=_t&amp;sl=de&amp;tl=en&amp;u=https:\/\/gelfertmarketing.de\/wp-content\/uploads\/2016\/09\/gelfert_Firmenadressen_Europa.pdf\" target=\"_blank\" rel=\"noopener noreferrer\">! international &#8211; Company addresses Europe<\/a><\/li>\n<li><a href=\"https:\/\/translate.google.com\/translate?hl=de&amp;prev=_t&amp;sl=de&amp;tl=en&amp;u=https:\/\/gelfertmarketing.de\/wp-content\/uploads\/2016\/09\/gelfert_Firmenadressen_Nord_und_Suedamerika_01.pdf\" target=\"_blank\" rel=\"noopener noreferrer\">delivered address! international &#8211; Company addresses North and South America<\/a><\/li>\n<li><a href=\"https:\/\/translate.google.com\/translate?hl=de&amp;prev=_t&amp;sl=de&amp;tl=en&amp;u=https:\/\/gelfertmarketing.de\/wp-content\/uploads\/2016\/09\/gelfert_Firmenadressen_Vorderasien_und_Asien.pdf\" target=\"_blank\" rel=\"noopener noreferrer\">delivered address! international &#8211; Company addresses Western Asia &amp; Asia<\/a><\/li>\n<li><a href=\"https:\/\/translate.google.com\/translate?hl=de&amp;prev=_t&amp;sl=de&amp;tl=en&amp;u=https:\/\/gelfertmarketing.de\/wp-content\/uploads\/2016\/09\/gelfert_Firmenadressen_Afrika.pdf\" target=\"_blank\" rel=\"noopener noreferrer\">delivered address! international &#8211; Company addresses Africa<\/a><\/li>\n<li><a href=\"https:\/\/translate.google.com\/translate?hl=de&amp;prev=_t&amp;sl=de&amp;tl=en&amp;u=https:\/\/gelfertmarketing.de\/wp-content\/uploads\/2016\/09\/gelfert_Firmenadressen_Ozeanien.pdf\" target=\"_blank\" rel=\"noopener noreferrer\">delivered address! international &#8211; Company addresses Oceania<\/a><\/li>\n<\/ul>\n<p><strong>The main branches are: <\/strong><\/p>\n<ul>\n<li>Manufacturer<\/li>\n<li>construction industry<\/li>\n<li>craft<\/li>\n<li>Wholesale<\/li>\n<li>retail trade<\/li>\n<li>service<\/li>\n<li>Agriculture<\/li>\n<\/ul>\n<p><strong>Available additional data \/ selection criteria depending on the country: <\/strong><\/p>\n<ul>\n<li>Telephone number (central office)<\/li>\n<li>Internet addresses<\/li>\n<li>Industry sectors<\/li>\n<li>Turnover size classes<\/li>\n<li>busy classes<\/li>\n<\/ul>\n<p>For your advertising campaigns in individual countries, we provide detailed market potential overviews from all relevant target markets.<\/p>\n<p>&nbsp;<\/p>\n<p>You will receive countings such as &#8220;Companies Russia&#8221;, &#8220;Companies Turkey&#8221;, &#8220;Companies Spain&#8221; or from any relevant country of your choice within a very short time, broken down according to <strong>NACE industry code<\/strong> (&#8220;Nomenclature statistique des activit\u00e9s \u00e9conomiques dans la communaut\u00e9 europ\u00e9enne&#8221;). In Europe, most businesses and organizations are oriented towards this classification system.<\/p>\n<ul>\n<li><a href=\"https:\/\/gelfertmarketing.de\/wp-content\/uploads\/2016\/09\/NACE_Code_Deutsch.pdf\" title=\"Download NACE Code List (German, PDF, Approx. 1.2 MB)\" target=\"_blank\" rel=\"noopener noreferrer\">Download NACE Code List (German, PDF, approx. 1.2 MB)<\/a><\/li>\n<li><a href=\"https:\/\/gelfertmarketing.de\/wp-content\/uploads\/2016\/09\/NACE_Code_Englisch.pdf\" title=\"Download NACE Code List (English, PDF, Approx. 1.1 MB)\" target=\"_blank\" rel=\"noopener noreferrer\">Download NACE Code List (English, PDF, approx. 1.1 MB)<\/a><\/li>\n<\/ul>\n<p class=\"bodytext\">(You need software to view PDF files, such as <a class=\"external-link-new-window\" title=\"Reader Downloaden\" href=\"http:\/\/get.adobe.com\/de\/reader\/\" target=\"_blank\" rel=\"noopener noreferrer\">Adobe Reader<\/a>)<\/p>\n<p><strong>Our service for you<\/strong>: You provide us with your desired industries and we &#8220;translate&#8221; the codes for you.<\/p>\n<p>But not only the quality of the addresses, but also our country know-how will help you in selecting the right addresses and in the implementation of the advertising campaign.<\/p>\n<p>For individual advice means for us not only to offer you the right company addresses, but also to show you the possibilities of receiving the highest possible acceptance from the addressee with your advertising:<\/p>\n<ul>\n<li>country-typical characters<\/li>\n<li>Increase your advertising success by using the country-specific characters and also write the mailing in the local language instead of e.g. in English. This creates trust and increases acceptance. We deliver you the country-specific characters.<\/li>\n<li>campaign management<\/li>\n<\/ul>\n<p>&nbsp;<\/p>\n<p>We support you in carrying out your campaign in the respective country through our partner companies (company address partner, advertising agency, lettershop, call center)<\/p>\n<p>For up-to-date information on target groups and selections, see <a href=\"http:\/\/gelfertmarketing.de\/en\/news\/\" title=\"News\">News<\/a>.<\/p>\n<p>Market potential analyzes available so far:<\/p>\n<ul>\n<li>Market Potential Analysis &#8220;<strong>Companies Poland<\/strong>&#8220;<\/li>\n<li>Market Potential Analysis &#8220;<strong>Companies Turkey<\/strong>&#8220;<\/li>\n<li>Market Potential Analysis &#8220;<strong>Addresses Europe<\/strong>&#8220;<\/li>\n<li>Market Potential Analysis &#8220;<strong>Addresses in Switzerland<\/strong>&#8220;<\/li>\n<li>Market Potential Analysis &#8220;<strong>Turkish Companies<\/strong>&#8220;<\/li>\n<li>Market Potential Analysis &#8220;<strong>Addresses Spain<\/strong>&#8220;<\/li>\n<li>Market Potential Analysis &#8220;<strong>Companies International<\/strong>&#8220;<\/li>\n<li>Market Potential Analysis &#8220;<strong>Addresses in France<\/strong>&#8220;<\/li>\n<\/ul>\n","protected":false},"excerpt":{"rendered":"<p>160 MILLION INTERNATIONAL COMPANIES FROM 195 COUNTRIES, TARGET GROUP ADVICE, MARKET POTENTIAL ANALYSIS International company [&hellip;]<\/p>\n","protected":false},"author":1,"featured_media":0,"parent":528,"menu_order":20,"comment_status":"closed","ping_status":"closed","template":"","meta":{"_acf_changed":false,"footnotes":""},"class_list":["post-612","page","type-page","status-publish","hentry"],"acf":[],"yoast_head":"<!-- This site is optimized with the Yoast SEO plugin v26.5 - https:\/\/yoast.com\/wordpress\/plugins\/seo\/ -->\n<title>company addresses International - gelfert marketing partner<\/title>\n<meta name=\"description\" content=\"Specialist for international company addresses, data and market analyzes: 160 million addresses from 195 countries worldwide.\" \/>\n<meta name=\"robots\" content=\"index, follow, max-snippet:-1, max-image-preview:large, max-video-preview:-1\" \/>\n<link rel=\"canonical\" href=\"https:\/\/gelfertmarketing.de\/en\/services\/company-addresses-international\/\" \/>\n<meta property=\"og:locale\" content=\"en_US\" \/>\n<meta property=\"og:type\" content=\"article\" \/>\n<meta property=\"og:title\" content=\"company addresses International - gelfert marketing partner\" \/>\n<meta property=\"og:description\" content=\"Specialist for international company addresses, data and market analyzes: 160 million addresses from 195 countries worldwide.\" \/>\n<meta property=\"og:url\" content=\"https:\/\/gelfertmarketing.de\/en\/services\/company-addresses-international\/\" \/>\n<meta property=\"og:site_name\" content=\"gelfert marketing partner\" \/>\n<meta property=\"article:modified_time\" content=\"2020-06-09T10:51:07+00:00\" \/>\n<meta name=\"twitter:card\" content=\"summary_large_image\" \/>\n<meta name=\"twitter:label1\" content=\"Est. reading time\" \/>\n\t<meta name=\"twitter:data1\" content=\"3 minutes\" \/>\n<script type=\"application\/ld+json\" class=\"yoast-schema-graph\">{\"@context\":\"https:\/\/schema.org\",\"@graph\":[{\"@type\":\"WebPage\",\"@id\":\"https:\/\/gelfertmarketing.de\/en\/services\/company-addresses-international\/\",\"url\":\"https:\/\/gelfertmarketing.de\/en\/services\/company-addresses-international\/\",\"name\":\"company addresses International - gelfert marketing partner\",\"isPartOf\":{\"@id\":\"https:\/\/gelfertmarketing.de\/#website\"},\"datePublished\":\"2016-09-20T14:33:51+00:00\",\"dateModified\":\"2020-06-09T10:51:07+00:00\",\"description\":\"Specialist for international company addresses, data and market analyzes: 160 million addresses from 195 countries worldwide.\",\"breadcrumb\":{\"@id\":\"https:\/\/gelfertmarketing.de\/en\/services\/company-addresses-international\/#breadcrumb\"},\"inLanguage\":\"en-US\",\"potentialAction\":[{\"@type\":\"ReadAction\",\"target\":[\"https:\/\/gelfertmarketing.de\/en\/services\/company-addresses-international\/\"]}]},{\"@type\":\"BreadcrumbList\",\"@id\":\"https:\/\/gelfertmarketing.de\/en\/services\/company-addresses-international\/#breadcrumb\",\"itemListElement\":[{\"@type\":\"ListItem\",\"position\":1,\"name\":\"Startseite\",\"item\":\"https:\/\/gelfertmarketing.de\/en\/\"},{\"@type\":\"ListItem\",\"position\":2,\"name\":\"SERVICES\",\"item\":\"https:\/\/gelfertmarketing.de\/en\/services\/\"},{\"@type\":\"ListItem\",\"position\":3,\"name\":\"company addresses International\"}]},{\"@type\":\"WebSite\",\"@id\":\"https:\/\/gelfertmarketing.de\/#website\",\"url\":\"https:\/\/gelfertmarketing.de\/\",\"name\":\"gelfert marketing partner\",\"description\":\"Ihr Spezialist f\u00fcr internationale Firmenadressen.\",\"potentialAction\":[{\"@type\":\"SearchAction\",\"target\":{\"@type\":\"EntryPoint\",\"urlTemplate\":\"https:\/\/gelfertmarketing.de\/?s={search_term_string}\"},\"query-input\":{\"@type\":\"PropertyValueSpecification\",\"valueRequired\":true,\"valueName\":\"search_term_string\"}}],\"inLanguage\":\"en-US\"}]}<\/script>\n<!-- \/ Yoast SEO plugin. -->","yoast_head_json":{"title":"company addresses International - gelfert marketing partner","description":"Specialist for international company addresses, data and market analyzes: 160 million addresses from 195 countries worldwide.","robots":{"index":"index","follow":"follow","max-snippet":"max-snippet:-1","max-image-preview":"max-image-preview:large","max-video-preview":"max-video-preview:-1"},"canonical":"https:\/\/gelfertmarketing.de\/en\/services\/company-addresses-international\/","og_locale":"en_US","og_type":"article","og_title":"company addresses International - gelfert marketing partner","og_description":"Specialist for international company addresses, data and market analyzes: 160 million addresses from 195 countries worldwide.","og_url":"https:\/\/gelfertmarketing.de\/en\/services\/company-addresses-international\/","og_site_name":"gelfert marketing partner","article_modified_time":"2020-06-09T10:51:07+00:00","twitter_card":"summary_large_image","twitter_misc":{"Est. reading time":"3 minutes"},"schema":{"@context":"https:\/\/schema.org","@graph":[{"@type":"WebPage","@id":"https:\/\/gelfertmarketing.de\/en\/services\/company-addresses-international\/","url":"https:\/\/gelfertmarketing.de\/en\/services\/company-addresses-international\/","name":"company addresses International - gelfert marketing partner","isPartOf":{"@id":"https:\/\/gelfertmarketing.de\/#website"},"datePublished":"2016-09-20T14:33:51+00:00","dateModified":"2020-06-09T10:51:07+00:00","description":"Specialist for international company addresses, data and market analyzes: 160 million addresses from 195 countries worldwide.","breadcrumb":{"@id":"https:\/\/gelfertmarketing.de\/en\/services\/company-addresses-international\/#breadcrumb"},"inLanguage":"en-US","potentialAction":[{"@type":"ReadAction","target":["https:\/\/gelfertmarketing.de\/en\/services\/company-addresses-international\/"]}]},{"@type":"BreadcrumbList","@id":"https:\/\/gelfertmarketing.de\/en\/services\/company-addresses-international\/#breadcrumb","itemListElement":[{"@type":"ListItem","position":1,"name":"Startseite","item":"https:\/\/gelfertmarketing.de\/en\/"},{"@type":"ListItem","position":2,"name":"SERVICES","item":"https:\/\/gelfertmarketing.de\/en\/services\/"},{"@type":"ListItem","position":3,"name":"company addresses International"}]},{"@type":"WebSite","@id":"https:\/\/gelfertmarketing.de\/#website","url":"https:\/\/gelfertmarketing.de\/","name":"gelfert marketing partner","description":"Ihr Spezialist f\u00fcr internationale Firmenadressen.","potentialAction":[{"@type":"SearchAction","target":{"@type":"EntryPoint","urlTemplate":"https:\/\/gelfertmarketing.de\/?s={search_term_string}"},"query-input":{"@type":"PropertyValueSpecification","valueRequired":true,"valueName":"search_term_string"}}],"inLanguage":"en-US"}]}},"_links":{"self":[{"href":"https:\/\/gelfertmarketing.de\/en\/wp-json\/wp\/v2\/pages\/612","targetHints":{"allow":["GET"]}}],"collection":[{"href":"https:\/\/gelfertmarketing.de\/en\/wp-json\/wp\/v2\/pages"}],"about":[{"href":"https:\/\/gelfertmarketing.de\/en\/wp-json\/wp\/v2\/types\/page"}],"author":[{"embeddable":true,"href":"https:\/\/gelfertmarketing.de\/en\/wp-json\/wp\/v2\/users\/1"}],"replies":[{"embeddable":true,"href":"https:\/\/gelfertmarketing.de\/en\/wp-json\/wp\/v2\/comments?post=612"}],"version-history":[{"count":0,"href":"https:\/\/gelfertmarketing.de\/en\/wp-json\/wp\/v2\/pages\/612\/revisions"}],"up":[{"embeddable":true,"href":"https:\/\/gelfertmarketing.de\/en\/wp-json\/wp\/v2\/pages\/528"}],"wp:attachment":[{"href":"https:\/\/gelfertmarketing.de\/en\/wp-json\/wp\/v2\/media?parent=612"}],"curies":[{"name":"wp","href":"https:\/\/api.w.org\/{rel}","templated":true}]}}