{"id":555,"date":"2018-11-11T11:29:30","date_gmt":"2018-11-11T10:29:30","guid":{"rendered":"http:\/\/gelfertmarketing.de\/?page_id=555"},"modified":"2020-06-04T23:29:21","modified_gmt":"2020-06-04T21:29:21","slug":"imprint","status":"publish","type":"page","link":"https:\/\/gelfertmarketing.de\/en\/imprint\/","title":{"rendered":"imprint"},"content":{"rendered":"<h1><strong>DELIVERED MARKETING PARTNERS<\/strong><\/h1>\n<p>Owner:<\/p>\n<p>Detlev\u00a0Gelfert\u00a0, graduate economist<\/p>\n<p>Address:<\/p>\n<p>Debbingstr\u00a0.\u00a012 b<br \/>\nD-46286 Dorsten<\/p>\n<p><strong>Phone:<\/strong>\u00a0\u00a0\u00a0+49 2866 &#8211; 188240<br \/>\n<strong>Fax:<\/strong>\u00a0\u00a0\u00a0+49 2866 &#8211; 188241<\/p>\n<p><strong>E-mail:<\/strong>\u00a0\u00a0\u00a0<a href=\"mailto:dialog@gelfertmarketing.de\" title=\"Dialog@gelfertmarketing.de\"><u>dialog@gelfertmarketing.de<\/u><\/a><br \/>\n<strong>Internet:<\/strong>\u00a0\u00a0\u00a0<u><a href=\"https:\/\/translate.google.com\/translate?hl=de&amp;prev=_t&amp;sl=de&amp;tl=en&amp;u=http:\/\/www.gelfertmarketing.de\/\">www.gelfertmarketing.de<\/a><\/u><\/p>\n<p><strong>VAT ID<\/strong>\u00a0<strong>:<\/strong>\u00a0\u00a0\u00a0DE224083314<\/p>\n<p>Picture Use:<\/p>\n<p>Adobe stick\u00a0\u00a9\u00a0dvoevnore<br \/>\nAdobe Stick\u00a0\u00a9 Richard Carey<br \/>\nAdobestock\u00a0\u00a9\u00a0by-\u00a0studio<br \/>\nAdobestock\u00a0\u00a9 G\u00fcven CAN<br \/>\nAdobe stick\u00a0\u00a9\u00a0\u00a0\u00a0<u><a href=\"https:\/\/translate.google.com\/translate?hl=de&amp;prev=_t&amp;sl=de&amp;tl=en&amp;u=http:\/\/usedomcards.de\/\">UsedomCards.de<\/a><\/u>\u00a0<u><a href=\"https:\/\/translate.google.com\/translate?hl=de&amp;prev=_t&amp;sl=de&amp;tl=en&amp;u=http:\/\/usedomcards.de\/\"><br \/>\n<\/a><\/u>Adobe stick\u00a0\u00a9 niklebedev51<br \/>\nAdobe stick\u00a0\u00a9 cschm556<br \/>\nAdobe stick\u00a0\u00a9\u00a0\u00a0\u00a0<u><a href=\"https:\/\/translate.google.com\/translate?hl=de&amp;prev=_t&amp;sl=de&amp;tl=en&amp;u=http:\/\/rawpixel.com\/\">Rawpixel.com<\/a><\/u>\u00a0<u><a href=\"https:\/\/translate.google.com\/translate?hl=de&amp;prev=_t&amp;sl=de&amp;tl=en&amp;u=http:\/\/rawpixel.com\/\"><br \/>\n<\/a><\/u>Adobe stick\u00a0\u00a9\u00a0Dudarev\u00a0Mikhail<br \/>\nAdobestock\u00a0\u00a9\u00a0lassedeign<br \/>\nAdobe stick\u00a0\u00a9 Tobias\u00a0Arhelger<br \/>\nAdobe stick\u00a0\u00a9 Sven Krautwald<br \/>\nAdobe stick\u00a0\u00a9 Mikko\u00a0Lemola<br \/>\nAdobe stick\u00a0\u00a9\u00a0embeki<br \/>\nAdobe stick\u00a0\u00a9\u00a0Beboy<br \/>\nAdobe stick\u00a0\u00a9 Natalia\u00a0Merzlyakova<br \/>\nAdobe stick\u00a0\u00a9\u00a0\u00a0\u00a0<u><a href=\"https:\/\/translate.google.com\/translate?hl=de&amp;prev=_t&amp;sl=de&amp;tl=en&amp;u=http:\/\/photographee.eu\/\">Photographee.eu<\/a><\/u>\u00a0<u><a href=\"https:\/\/translate.google.com\/translate?hl=de&amp;prev=_t&amp;sl=de&amp;tl=en&amp;u=http:\/\/photographee.eu\/\"><br \/>\n<\/a><\/u>Adobe stick\u00a0\u00a9\u00a0Romolo\u00a0Tavani<br \/>\nAdobe Cane\u00a0\u00a9 nd3000<br \/>\nAdobe stick\u00a0\u00a9\u00a0sdecoret<br \/>\nAdobe stick\u00a0\u00a9\u00a0bilanol<br \/>\nAdobe stick\u00a0\u00a9\u00a0Magnifier<br \/>\nAdobe stick\u00a0\u00a9 mizar_21984<br \/>\nAdobestock\u00a0\u00a9 Robert Knechte<\/p>\n<p>Realization:<\/p>\n<p>Deb\u00fcser\u00a0&amp; Bee Werbeagentur GmbH<br \/>\nAugustinusstra\u00dfe\u00a09d<br \/>\n50226 Frechen K\u00f6nigsdorf<br \/>\nPhone: 0 22 34 &#8211; 68 29 00<br \/>\n<u><a href=\"mailto:bee@dplusb.de\" title=\"Agentur@dplusb.de\" title=\"\n\">agentur@dplusb.de<\/a><\/u>\u00a0<u><a href=\"mailto:bee@dplusb.de\" title=\"Agentur@dplusb.de\" title=\"\n\"><br \/>\n<\/a><\/u><u><a href=\"https:\/\/translate.google.com\/translate?hl=de&amp;prev=_t&amp;sl=de&amp;tl=en&amp;u=http:\/\/www.dplusb.de\/\">www.dplusb.de<\/a><\/u><\/p>\n<p>Disclaimer:<\/p>\n<p><strong>Liability for content:<\/strong><\/p>\n<p>This website was created with the utmost care.\u00a0Nevertheless, no guarantee can be given for the correctness and accuracy of the information contained.\u00a0Any liability for damages arising directly or indirectly from the use of this website is excluded, unless they are based on intent or gross negligence.<\/p>\n<p>As a service provider we are responsible according to \u00a7 7 Abs.1 TMG for own contents on these sides according to the general laws.\u00a0According to \u00a7\u00a7 8 to 10 TMG, however, we as a service provider are not obliged to monitor transmitted or stored external information or to investigate circumstances that indicate illegal activity.\u00a0Obligations to remove or block the use of information under general law remain unaffected.\u00a0A liability in this regard, however, is only possible from the date of knowledge of a specific infringement.\u00a0Upon notification of appropriate violations, we will remove this content immediately.<\/p>\n<p><strong>Liability for links:<\/strong><\/p>\n<p>Our offer contains links to external websites of third parties on whose contents we have no influence.\u00a0Therefore, we can not assume any liability for these external contents.\u00a0The respective provider or operator of the pages is always responsible for the contents of the linked pages.\u00a0The linked pages were checked for possible legal violations at the time of linking.\u00a0Illegal content was not recognizable at the time of linking.\u00a0However, a permanent content control of the linked pages is not reasonable without concrete evidence of an infringement.\u00a0Upon notification of violations, we will remove such links immediately.<\/p>\n<p><strong>Copyright:<\/strong><\/p>\n<p>The content and works on these pages created by the site operators are subject to German copyright law.\u00a0The reproduction, processing, distribution and any kind of exploitation outside the limits of copyright require the written consent of the respective author or creator.\u00a0Downloads and copies of this site are for private, non-commercial use only.\u00a0As far as the contents on this side were not created by the operator, the copyrights of third parties are considered.\u00a0In particular contents of third parties are marked as such.\u00a0If you should still be aware of a copyright infringement, we ask for a note.\u00a0Upon notification of violations, we will remove such content immediately.<\/p>\n<p><strong>Data protection:<\/strong><\/p>\n<p>The operators of these pages take the protection of your personal data very seriously.\u00a0We treat your personal data confidentially and in accordance with the statutory data protection regulations and this\u00a0privacy policy. The\u00a0use of our website is generally possible without providing personal data.\u00a0As far as on our sides personal data (for example name, address or E-Mail addresses) are raised, this takes place, as far as possible, always on voluntary basis.\u00a0This data will not be disclosed to third parties without your express\u00a0consent.We\u00a0point out that the transmission of data on the\u00a0Internet (eg in the case of communication via e-mail) may have security gaps.\u00a0A complete protection of the data from access by third parties is not possible.<\/p>\n<p><strong>Privacy Policy for the use of Google Analytics:<\/strong><\/p>\n<p>This website uses features\u00a0of\u00a0\u00a0\u00a0Web analytics service\u00a0Google Analytics.\u00a0Provider is the Google Inc. 1600\u00a0Amphitheater\u00a0Parkway Mountain View, CA 94043, USA.\u00a0Google Analytics uses so-called &#8220;cookies&#8221;.\u00a0These are text files that are stored on your computer and that allow an analysis of the use of the website by you.\u00a0The information generated by the cookie about your use of this website is usually transmitted to and\u00a0stored\u00a0by Google on a server in the United States. However, in the\u00a0event of IP anonymization being activated on this website, your IP address will become Google within a Member State the European Union or other Contracting States to the Agreement on the European Economic Area.\u00a0Only in exceptional cases will the full IP address be sent to a Google server in the US and shortened there.\u00a0Im Auftrag des Betreibers dieser Website wird Google diese Informationen benutzen, um Ihre Nutzung der Website auszuwerten, um Reports \u00fcber die Websiteaktivit\u00e4ten zusammenzustellen und um weitere mit der Websitenutzung und der Internetnutzung verbundene Dienstleistungen gegen\u00fcber dem Websitebetreiber zu erbringen. Die im Rahmen von Google Analytics von Ihrem Browser \u00fcbermittelte IP-Adresse wird nicht mit anderen Daten von Google\u00a0zusammengef\u00fchrt.Sie\u00a0can prevent the storage of cookies by a corresponding setting of your browser software;\u00a0however, please note that if you do this, you may not be able to use all the features of this website to the fullest extent possible.\u00a0In addition, you may prevent the collection by Google of the data generated by the cookie and related to your use of the website (including your IP address) as well as the processing of this data by Google by downloading the browser plug-in available under the following link and install:\u00a0<u><a href=\"https:\/\/translate.google.com\/translate?hl=de&amp;prev=_t&amp;sl=de&amp;tl=en&amp;u=http:\/\/tools.google.com\/dlpage\/gaoptout%3Fhl%3Dde\">http:\/\/tools.google.com\/dlpage\/gaoptout?hl=en<\/a><\/u><\/p>\n<p><strong><u>Privacy statement for the use of Facebook plugins (like button):<\/u><\/strong><\/p>\n<p>On our pages plugins of the social network Facebook, provider Facebook Inc., 1 Hacker Way, Menlo Park, California 94025, USA, are integrated. The Facebook plugins can be recognized by the Facebook logo or the &#8220;Like-Button&#8221; (&#8220;Like&#8221;) on our site. An overview of the Facebook plugins can be found here:\u00a0<u><a href=\"https:\/\/translate.google.com\/translate?hl=de&amp;prev=_t&amp;sl=de&amp;tl=en&amp;u=http:\/\/developers.facebook.com\/docs\/plugins\/\">http:\/\/developers.facebook.com\/docs\/plugins\/<\/a><\/u>\u00a0.<\/p>\n<p>When you visit our pages, the plugin establishes a direct connection between your browser and the Facebook server. Facebook receives the information that you have visited our site with your IP address. If you click on the Facebook &#8220;Like-Button&#8221; while you are logged into your Facebook account, you can link the contents of our pages to your Facebook profile. As a result, Facebook can assign the visit to our pages to your user account. We point out that we as the provider of the pages are not aware of the content of the data transmitted and their use by Facebook. For more information, see the Facebook Privacy Policy at\u00a0<u><a href=\"https:\/\/translate.google.com\/translate?hl=de&amp;prev=_t&amp;sl=de&amp;tl=en&amp;u=http:\/\/de-de.facebook.com\/policy.php\">http:\/\/www.facebook.com\/policy.php<\/a><\/u>\u00a0.<\/p>\n<p>If you do not want Facebook to associate your visit to our pages with your Facebook user account, please log out of your Facebook user account.<\/p>\n<p><strong><u>Privacy Policy for using Google +\u00a01:<\/u><\/strong><\/p>\n<p>Our sites use features of Google +1.\u00a0Provider is the Google Inc. 1600\u00a0Amphitheater\u00a0Parkway Mountain View, CA 94043, USA.<\/p>\n<p>Collect and share information: The Google +1 button allows you to post information worldwide.\u00a0The Google\u00a0+ 1 button will help you and others to get personalized content from Google and our partners. Google stores both the information that you + 1&#8217;d for a piece of content and information about the page you viewed when you clicked +1. Your + 1&#8217;s may appear alongside your profile name and photo in Google services, such as search results or in your Google profile, or elsewhere on websites and ads on the web. Google\u00a0Records information about your +1 activity to improve Google services for you and others. To use the Google + 1 button, you need a globally visible, public Google profile that has at least the name chosen for the profile. This name will be used in all Google services. In some cases, this name may also replace a different name you used when sharing content through your Google Account. The identity of your Google Profile may be displayed to users who know your email address or have other identifying information from you.<\/p>\n<p>Use of the information collected: In addition to the uses outlined above, the information you provide will be used in accordance with the applicable Google privacy policy.\u00a0Google may publish summarized statistics about users&#8217; + 1 activity or share it with users and partners, such as publishers, advertisers, or affiliate websites.<\/p>\n<p><strong>Privacy Policy for the use of Twitter:<\/strong><\/p>\n<p>Functions of the Twitter service are integrated on our sites. These features are available through Twitter Inc., 1355 Market Street, Suite 900, San Francisco, CA 94103, USA. By using Twitter and the &#8220;Re-Tweet&#8221; function, the websites you visit are linked to your Twitter account and shared with other users. This data is also transmitted to Twitter. We point out that we as the provider of the pages are not aware of the content of the transmitted data and their use by Twitter. For more information, see the Twitter Privacy Policy at\u00a0<u><a href=\"https:\/\/translate.google.com\/translate?hl=de&amp;prev=_t&amp;sl=de&amp;tl=en&amp;u=http:\/\/twitter.com\/privacy\">http:\/\/twitter.com\/privacy<\/a><\/u>\u00a0.<\/p>\n<p>You can\u00a0change\u00a0your privacy settings on Twitter in the Account Settings at\u00a0<u><a href=\"https:\/\/translate.google.com\/translate?hl=de&amp;prev=_t&amp;sl=de&amp;tl=en&amp;u=http:\/\/twitter.com\/account\/settings\">http:\/\/twitter.com\/account\/settings<\/a><\/u>\u00a0.<\/p>\n<p><strong>Privacy Policy for the use of Xing:<\/strong><\/p>\n<p>Our website uses functions of the network XING.\u00a0Provider is the XING AG, Dammtorstra\u00dfe 29-32, 20354 Hamburg, Germany.\u00a0Each time you visit one of our sites that includes Xing features, it connects to Xing servers.\u00a0A storage of personal data is not done to our knowledge.\u00a0In particular, no IP addresses are stored or the usage behavior is evaluated.<\/p>\n<p>Further information on data protection and the Xing Share button can be found in Xing&#8217;s privacy policy at\u00a0<u><a href=\"https:\/\/translate.google.com\/translate?hl=de&amp;prev=_t&amp;sl=de&amp;tl=en&amp;u=https:\/\/www.xing.com\/app\/share%3Fop%3Ddata_protection\">https:\/\/www.xing.com\/app\/share?op=data_protection<\/a><\/u><\/p>\n<p><strong>cookies:<\/strong><\/p>\n<p>The internet pages partly use so-called cookies.\u00a0Cookies do not harm your computer and do not contain viruses.\u00a0Cookies serve to make our offer more user-friendly, effective and secure.\u00a0Cookies are small text files that are stored on your computer and stored by your browser.<\/p>\n<p>Most of the cookies we use are so-called &#8220;session cookies&#8221;.\u00a0They are automatically deleted after your visit.\u00a0Other cookies remain stored on your device until you delete them.\u00a0These cookies allow us to recognize your browser the next time you visit.<\/p>\n<p>You can set your browser so that you are informed about the setting of cookies and allow cookies only in individual cases, the acceptance of cookies for certain cases or generally exclude and\u00a0enable\u00a0the automatic deletion of cookies when closing\u00a0the browser\u00a0.\u00a0Disabling cookies may limit the functionality of this website.<\/p>\n<p><span class=\"tlid-translation translation\" lang=\"en\"><span title=\"\">With our cookie consent tool you can call up the cookies again and initiate a shutdown individually.<\/span> <span title=\"\">Please note that essential cookies cannot be removed without restricting the functionality of the website.<\/span><\/span><\/p>\n<p><span class=\"code-example\"><a href=\"#\" class=\"_brlbs-btn-cookie-preference borlabs-cookie-preference\">Cookie-Settings<\/a><\/span><\/p>\n<p><strong>Information, deletion, blocking:<\/strong><\/p>\n<p>At any time you have the right to free information about your stored personal data, their origin and recipient and the purpose of the data processing\u00a0and a right to correct, block or delete this data.\u00a0For further information on personal data you can contact us at any time at the address given in the imprint.<\/p>\n<p><strong>Server log files:<\/strong><\/p>\n<p>The provider of the pages automatically collects and stores information in so-called server log files, which your browser automatically transmits to us.\u00a0These are:<\/p>\n<ul>\n<li><strong>Browser type \/ browser version<\/strong><\/li>\n<li><strong>used operating system<\/strong><\/li>\n<li><strong>Referrer\u00a0URL<\/strong><\/li>\n<li><strong>Host name of the accessing computer<\/strong><\/li>\n<li><strong>Time of the server request<\/strong><\/li>\n<\/ul>\n<p>These data can not be assigned to specific persons.\u00a0A merge of this data with other data sources will not be done.\u00a0We reserve the right to check this data retrospectively, if we become aware of specific indications for illegal use.<\/p>\n<p><strong>Contact form:<\/strong><\/p>\n<p>If you send us inquiries via the contact form, your details from the inquiry form, including the contact details you provided there, will be stored in order to process the request and in case of follow-up questions.\u00a0We will not share this information without your consent.<\/p>\n<p><strong>Newsletter data\u00a0:<\/strong><\/p>\n<p>If you would like to receive the newsletter offered on the website, we need an e-mail address from you, as well as information that allows us to verify that you are the owner of the specified e-mail address and that you agree to receive the newsletter ,\u00a0Further data is not collected.\u00a0We use this data exclusively for the delivery of the requested information and do not pass it on to third parties.<\/p>\n<p>Die erteilte Einwilligung zur Speicherung der Daten, der E-Mail-Adresse sowie deren Nutzung zum Versand des Newsletters k\u00f6nnen Sie jederzeit widerrufen, etwa \u00fcber den \u201eAustragen\u201c-Link im Newsletter.<\/p>\n","protected":false},"excerpt":{"rendered":"<p>DELIVERED MARKETING PARTNERS Owner: Detlev\u00a0Gelfert\u00a0, graduate economist Address: Debbingstr\u00a0.\u00a012 b D-46286 Dorsten Phone:\u00a0\u00a0\u00a0+49 2866 &#8211; [&hellip;]<\/p>\n","protected":false},"author":4,"featured_media":0,"parent":0,"menu_order":99999,"comment_status":"closed","ping_status":"closed","template":"","meta":{"_acf_changed":false,"footnotes":""},"class_list":["post-555","page","type-page","status-publish","hentry"],"acf":[],"yoast_head":"<!-- This site is optimized with the Yoast SEO plugin v26.5 - https:\/\/yoast.com\/wordpress\/plugins\/seo\/ -->\n<title>imprint - gelfert marketing partner<\/title>\n<meta name=\"description\" content=\"imprint - gelfert marketing partner\" \/>\n<meta name=\"robots\" content=\"index, follow, max-snippet:-1, max-image-preview:large, max-video-preview:-1\" \/>\n<link rel=\"canonical\" href=\"https:\/\/gelfertmarketing.de\/en\/imprint\/\" \/>\n<meta property=\"og:locale\" content=\"en_US\" \/>\n<meta property=\"og:type\" content=\"article\" \/>\n<meta property=\"og:title\" content=\"imprint - gelfert marketing partner\" \/>\n<meta property=\"og:description\" content=\"imprint - gelfert marketing partner\" \/>\n<meta property=\"og:url\" content=\"https:\/\/gelfertmarketing.de\/en\/imprint\/\" \/>\n<meta property=\"og:site_name\" content=\"gelfert marketing partner\" \/>\n<meta property=\"article:modified_time\" content=\"2020-06-04T21:29:21+00:00\" \/>\n<meta name=\"twitter:card\" content=\"summary_large_image\" \/>\n<meta name=\"twitter:label1\" content=\"Est. reading time\" \/>\n\t<meta name=\"twitter:data1\" content=\"10 minutes\" \/>\n<script type=\"application\/ld+json\" class=\"yoast-schema-graph\">{\"@context\":\"https:\/\/schema.org\",\"@graph\":[{\"@type\":\"WebPage\",\"@id\":\"https:\/\/gelfertmarketing.de\/en\/imprint\/\",\"url\":\"https:\/\/gelfertmarketing.de\/en\/imprint\/\",\"name\":\"imprint - gelfert marketing partner\",\"isPartOf\":{\"@id\":\"https:\/\/gelfertmarketing.de\/#website\"},\"datePublished\":\"2018-11-11T10:29:30+00:00\",\"dateModified\":\"2020-06-04T21:29:21+00:00\",\"description\":\"imprint - gelfert marketing partner\",\"breadcrumb\":{\"@id\":\"https:\/\/gelfertmarketing.de\/en\/imprint\/#breadcrumb\"},\"inLanguage\":\"en-US\",\"potentialAction\":[{\"@type\":\"ReadAction\",\"target\":[\"https:\/\/gelfertmarketing.de\/en\/imprint\/\"]}]},{\"@type\":\"BreadcrumbList\",\"@id\":\"https:\/\/gelfertmarketing.de\/en\/imprint\/#breadcrumb\",\"itemListElement\":[{\"@type\":\"ListItem\",\"position\":1,\"name\":\"Startseite\",\"item\":\"https:\/\/gelfertmarketing.de\/en\/\"},{\"@type\":\"ListItem\",\"position\":2,\"name\":\"imprint\"}]},{\"@type\":\"WebSite\",\"@id\":\"https:\/\/gelfertmarketing.de\/#website\",\"url\":\"https:\/\/gelfertmarketing.de\/\",\"name\":\"gelfert marketing partner\",\"description\":\"Ihr Spezialist f\u00fcr internationale Firmenadressen.\",\"potentialAction\":[{\"@type\":\"SearchAction\",\"target\":{\"@type\":\"EntryPoint\",\"urlTemplate\":\"https:\/\/gelfertmarketing.de\/?s={search_term_string}\"},\"query-input\":{\"@type\":\"PropertyValueSpecification\",\"valueRequired\":true,\"valueName\":\"search_term_string\"}}],\"inLanguage\":\"en-US\"}]}<\/script>\n<!-- \/ Yoast SEO plugin. -->","yoast_head_json":{"title":"imprint - gelfert marketing partner","description":"imprint - gelfert marketing partner","robots":{"index":"index","follow":"follow","max-snippet":"max-snippet:-1","max-image-preview":"max-image-preview:large","max-video-preview":"max-video-preview:-1"},"canonical":"https:\/\/gelfertmarketing.de\/en\/imprint\/","og_locale":"en_US","og_type":"article","og_title":"imprint - gelfert marketing partner","og_description":"imprint - gelfert marketing partner","og_url":"https:\/\/gelfertmarketing.de\/en\/imprint\/","og_site_name":"gelfert marketing partner","article_modified_time":"2020-06-04T21:29:21+00:00","twitter_card":"summary_large_image","twitter_misc":{"Est. reading time":"10 minutes"},"schema":{"@context":"https:\/\/schema.org","@graph":[{"@type":"WebPage","@id":"https:\/\/gelfertmarketing.de\/en\/imprint\/","url":"https:\/\/gelfertmarketing.de\/en\/imprint\/","name":"imprint - gelfert marketing partner","isPartOf":{"@id":"https:\/\/gelfertmarketing.de\/#website"},"datePublished":"2018-11-11T10:29:30+00:00","dateModified":"2020-06-04T21:29:21+00:00","description":"imprint - gelfert marketing partner","breadcrumb":{"@id":"https:\/\/gelfertmarketing.de\/en\/imprint\/#breadcrumb"},"inLanguage":"en-US","potentialAction":[{"@type":"ReadAction","target":["https:\/\/gelfertmarketing.de\/en\/imprint\/"]}]},{"@type":"BreadcrumbList","@id":"https:\/\/gelfertmarketing.de\/en\/imprint\/#breadcrumb","itemListElement":[{"@type":"ListItem","position":1,"name":"Startseite","item":"https:\/\/gelfertmarketing.de\/en\/"},{"@type":"ListItem","position":2,"name":"imprint"}]},{"@type":"WebSite","@id":"https:\/\/gelfertmarketing.de\/#website","url":"https:\/\/gelfertmarketing.de\/","name":"gelfert marketing partner","description":"Ihr Spezialist f\u00fcr internationale Firmenadressen.","potentialAction":[{"@type":"SearchAction","target":{"@type":"EntryPoint","urlTemplate":"https:\/\/gelfertmarketing.de\/?s={search_term_string}"},"query-input":{"@type":"PropertyValueSpecification","valueRequired":true,"valueName":"search_term_string"}}],"inLanguage":"en-US"}]}},"_links":{"self":[{"href":"https:\/\/gelfertmarketing.de\/en\/wp-json\/wp\/v2\/pages\/555","targetHints":{"allow":["GET"]}}],"collection":[{"href":"https:\/\/gelfertmarketing.de\/en\/wp-json\/wp\/v2\/pages"}],"about":[{"href":"https:\/\/gelfertmarketing.de\/en\/wp-json\/wp\/v2\/types\/page"}],"author":[{"embeddable":true,"href":"https:\/\/gelfertmarketing.de\/en\/wp-json\/wp\/v2\/users\/4"}],"replies":[{"embeddable":true,"href":"https:\/\/gelfertmarketing.de\/en\/wp-json\/wp\/v2\/comments?post=555"}],"version-history":[{"count":0,"href":"https:\/\/gelfertmarketing.de\/en\/wp-json\/wp\/v2\/pages\/555\/revisions"}],"wp:attachment":[{"href":"https:\/\/gelfertmarketing.de\/en\/wp-json\/wp\/v2\/media?parent=555"}],"curies":[{"name":"wp","href":"https:\/\/api.w.org\/{rel}","templated":true}]}}